{"id":1112,"date":"2024-08-08T11:37:49","date_gmt":"2024-08-08T11:37:49","guid":{"rendered":"https:\/\/sblanguagecoaching.com\/?page_id=1112"},"modified":"2024-08-14T11:21:02","modified_gmt":"2024-08-14T11:21:02","slug":"termos-de-uso","status":"publish","type":"page","link":"https:\/\/sblanguagecoaching.com\/en\/termos-de-uso\/","title":{"rendered":"Terms of use"},"content":{"rendered":"<div data-elementor-type=\"wp-page\" data-elementor-id=\"1112\" class=\"elementor elementor-1112\" data-elementor-settings=\"{&quot;ha_cmc_init_switcher&quot;:&quot;no&quot;}\" data-elementor-post-type=\"page\">\n\t\t\t\t<div class=\"elementor-element elementor-element-c41fab4 e-flex e-con-boxed e-con e-parent\" data-id=\"c41fab4\" data-element_type=\"container\">\n\t\t\t\t\t<div class=\"e-con-inner\">\n\t\t\t\t<div class=\"elementor-element elementor-element-3be35f7 elementor-widget elementor-widget-heading\" data-id=\"3be35f7\" data-element_type=\"widget\" data-widget_type=\"heading.default\">\n\t\t\t\t<div class=\"elementor-widget-container\">\n\t\t\t\t\t<h2 class=\"elementor-heading-title elementor-size-default\">Terms of use<\/h2>\t\t\t\t<\/div>\n\t\t\t\t<\/div>\n\t\t\t\t<div class=\"elementor-element elementor-element-4fa4456 elementor-widget elementor-widget-text-editor\" data-id=\"4fa4456\" data-element_type=\"widget\" data-widget_type=\"text-editor.default\">\n\t\t\t\t<div class=\"elementor-widget-container\">\n\t\t\t\t\t\t\t\t\t<p>1. Acceptance of Terms<br>By accessing and using the sblanguagecoaching website, you agree to these Terms of Use. If you do not agree with any part of the terms, do not use our Website.<\/p>\n<p>2. Uso do Site<br>2.1. Conte\u00fado<br>Todo o conte\u00fado dispon\u00edvel no Site, incluindo textos, gr\u00e1ficos, imagens, v\u00eddeos, e materiais de curso, \u00e9 protegido por direitos autorais e outras leis de propriedade intelectual. O uso do conte\u00fado \u00e9 estritamente para fins pessoais e n\u00e3o comerciais. \u00c9 proibido reproduzir, distribuir, modificar, ou criar trabalhos derivados sem nossa permiss\u00e3o expressa por escrito.<\/p>\n<p>2.2. Access and Account<br>To access certain areas of the Site, you may need to register and create an account. You agree to provide accurate and complete information and to maintain the confidentiality of your access credentials. It is your responsibility to notify us immediately of any unauthorized use of your account.<\/p>\n<p>3. Courses and Services<br>3.1. Registration and Payment<br>By enrolling in our courses, you agree to pay the specified amount and provide accurate billing information. All payments are processed through third-party services and are subject to their respective privacy and security policies.<\/p>\n<p>3.2. Cancellation and Refunds<br>Cancellation and refund policies for our courses are outlined on the respective course pages. Refund requests must be made in accordance with established policies and may be subject to specific conditions.<\/p>\n<p>4. Intellectual Property<br>All content on the Site, including but not limited to course materials, text, graphics, logos and software, is the exclusive property of sblanguagecoaching or its licensors. No content may be used without express written permission.<\/p>\n<p>5. Liability and Limitation of Liability<br>5.1. Disclaimer of Warranties<br>The Site is provided on an \u201cas is\u201d and \u201cas available\u201d basis. We do not guarantee that the Site will be uninterrupted or error-free, and we assume no liability for any damages or losses arising from the use of, or inability to use, the Site.<\/p>\n<p>5.2. Limitation of Liability<br>To the maximum extent permitted by law,&nbsp;<span style=\"font-size: 19.2px;\">sblanguagecoaching<\/span>&nbsp;will not be liable for any direct, indirect, incidental, special or consequential damages, including, but not limited to, loss of profits or data, that may arise from the use of or inability to use the Site.<\/p>\n<p>6. Links to Third Party Sites<br>The Site may contain links to third party websites. These links are provided for your convenience only. We have no control over these sites and are not responsible for their content or privacy practices. Your use of third party websites is at your own risk.<\/p>\n<p>7. Modifications to the Terms<br>We may update these Terms of Use from time to time. Any changes will be published on this page with the date of the last update. It is your responsibility to review the Terms of Use regularly to be aware of any changes.<\/p>\n<p>8. Applicable Law<br>These Terms of Use will be governed and construed in accordance with the laws of Brazil, without regard to its conflict of law provisions. Any dispute related to these Terms of Use will be resolved in the competent courts of Brazil.<\/p>\n<p>9. Contact<br>If you have questions about these Terms of Use, please contact us via email: teachersandra@<span style=\"font-size: 19.2px; text-align: var(--text-align);\">sblanguagecoaching<\/span><span style=\"font-size: 1.2rem; text-align: var(--text-align);\">&nbsp;or through the contact form available on our Website.<\/span><\/p>\t\t\t\t\t\t\t\t<\/div>\n\t\t\t\t<\/div>\n\t\t\t\t\t<\/div>\n\t\t\t\t<\/div>\n\t\t\t\t<\/div>","protected":false},"excerpt":{"rendered":"<p>Termos de uso 1. Aceita\u00e7\u00e3o dos TermosAo acessar e usar o site sblanguagecoaching, voc\u00ea concorda com estes Termos de Uso. Se voc\u00ea n\u00e3o concordar com qualquer parte dos termos, n\u00e3o utilize nosso Site. 2. Uso do Site2.1. Conte\u00fadoTodo o conte\u00fado dispon\u00edvel no Site, incluindo textos, gr\u00e1ficos, imagens, v\u00eddeos, e materiais de curso, \u00e9 protegido por [&hellip;]<\/p>","protected":false},"author":1,"featured_media":0,"parent":0,"menu_order":0,"comment_status":"closed","ping_status":"closed","template":"","meta":{"footnotes":""},"class_list":["post-1112","page","type-page","status-publish","hentry"],"yoast_head":"<!-- This site is optimized with the Yoast SEO Premium plugin v24.1 (Yoast SEO v24.1) - https:\/\/yoast.com\/wordpress\/plugins\/seo\/ -->\n<title>Termos de uso - Sandra Barbosa<\/title>\n<meta name=\"robots\" content=\"index, follow, max-snippet:-1, max-image-preview:large, max-video-preview:-1\" \/>\n<link rel=\"canonical\" href=\"https:\/\/sblanguagecoaching.com\/en\/termos-de-uso\/\" \/>\n<meta property=\"og:locale\" content=\"en_US\" \/>\n<meta property=\"og:type\" content=\"article\" \/>\n<meta property=\"og:title\" content=\"Termos de uso\" \/>\n<meta property=\"og:description\" content=\"Termos de uso 1. Aceita\u00e7\u00e3o dos TermosAo acessar e usar o site sblanguagecoaching, voc\u00ea concorda com estes Termos de Uso. Se voc\u00ea n\u00e3o concordar com qualquer parte dos termos, n\u00e3o utilize nosso Site. 2. Uso do Site2.1. Conte\u00fadoTodo o conte\u00fado dispon\u00edvel no Site, incluindo textos, gr\u00e1ficos, imagens, v\u00eddeos, e materiais de curso, \u00e9 protegido por [&hellip;]\" \/>\n<meta property=\"og:url\" content=\"https:\/\/sblanguagecoaching.com\/en\/termos-de-uso\/\" \/>\n<meta property=\"og:site_name\" content=\"Sandra Barbosa\" \/>\n<meta property=\"article:modified_time\" content=\"2024-08-14T11:21:02+00:00\" \/>\n<meta name=\"twitter:card\" content=\"summary_large_image\" \/>\n<meta name=\"twitter:label1\" content=\"Est. reading time\" \/>\n\t<meta name=\"twitter:data1\" content=\"3 minutes\" \/>\n<script type=\"application\/ld+json\" class=\"yoast-schema-graph\">{\"@context\":\"https:\/\/schema.org\",\"@graph\":[{\"@type\":\"WebPage\",\"@id\":\"https:\/\/sblanguagecoaching.com\/termos-de-uso\/\",\"url\":\"https:\/\/sblanguagecoaching.com\/termos-de-uso\/\",\"name\":\"Termos de uso - Sandra Barbosa\",\"isPartOf\":{\"@id\":\"https:\/\/sblanguagecoaching.com\/#website\"},\"datePublished\":\"2024-08-08T11:37:49+00:00\",\"dateModified\":\"2024-08-14T11:21:02+00:00\",\"breadcrumb\":{\"@id\":\"https:\/\/sblanguagecoaching.com\/termos-de-uso\/#breadcrumb\"},\"inLanguage\":\"en-US\",\"potentialAction\":[{\"@type\":\"ReadAction\",\"target\":[\"https:\/\/sblanguagecoaching.com\/termos-de-uso\/\"]}]},{\"@type\":\"BreadcrumbList\",\"@id\":\"https:\/\/sblanguagecoaching.com\/termos-de-uso\/#breadcrumb\",\"itemListElement\":[{\"@type\":\"ListItem\",\"position\":1,\"name\":\"Home\",\"item\":\"https:\/\/sblanguagecoaching.com\/\"},{\"@type\":\"ListItem\",\"position\":2,\"name\":\"Termos de uso\"}]},{\"@type\":\"WebSite\",\"@id\":\"https:\/\/sblanguagecoaching.com\/#website\",\"url\":\"https:\/\/sblanguagecoaching.com\/\",\"name\":\"Sandra Barbosa\",\"description\":\"Language Coaching\",\"potentialAction\":[{\"@type\":\"SearchAction\",\"target\":{\"@type\":\"EntryPoint\",\"urlTemplate\":\"https:\/\/sblanguagecoaching.com\/?s={search_term_string}\"},\"query-input\":{\"@type\":\"PropertyValueSpecification\",\"valueRequired\":true,\"valueName\":\"search_term_string\"}}],\"inLanguage\":\"en-US\"}]}<\/script>\n<!-- \/ Yoast SEO Premium plugin. -->","yoast_head_json":{"title":"Termos de uso - Sandra Barbosa","robots":{"index":"index","follow":"follow","max-snippet":"max-snippet:-1","max-image-preview":"max-image-preview:large","max-video-preview":"max-video-preview:-1"},"canonical":"https:\/\/sblanguagecoaching.com\/en\/termos-de-uso\/","og_locale":"en_US","og_type":"article","og_title":"Termos de uso","og_description":"Termos de uso 1. Aceita\u00e7\u00e3o dos TermosAo acessar e usar o site sblanguagecoaching, voc\u00ea concorda com estes Termos de Uso. Se voc\u00ea n\u00e3o concordar com qualquer parte dos termos, n\u00e3o utilize nosso Site. 2. Uso do Site2.1. Conte\u00fadoTodo o conte\u00fado dispon\u00edvel no Site, incluindo textos, gr\u00e1ficos, imagens, v\u00eddeos, e materiais de curso, \u00e9 protegido por [&hellip;]","og_url":"https:\/\/sblanguagecoaching.com\/en\/termos-de-uso\/","og_site_name":"Sandra Barbosa","article_modified_time":"2024-08-14T11:21:02+00:00","twitter_card":"summary_large_image","twitter_misc":{"Est. reading time":"3 minutes"},"schema":{"@context":"https:\/\/schema.org","@graph":[{"@type":"WebPage","@id":"https:\/\/sblanguagecoaching.com\/termos-de-uso\/","url":"https:\/\/sblanguagecoaching.com\/termos-de-uso\/","name":"Termos de uso - Sandra Barbosa","isPartOf":{"@id":"https:\/\/sblanguagecoaching.com\/#website"},"datePublished":"2024-08-08T11:37:49+00:00","dateModified":"2024-08-14T11:21:02+00:00","breadcrumb":{"@id":"https:\/\/sblanguagecoaching.com\/termos-de-uso\/#breadcrumb"},"inLanguage":"en-US","potentialAction":[{"@type":"ReadAction","target":["https:\/\/sblanguagecoaching.com\/termos-de-uso\/"]}]},{"@type":"BreadcrumbList","@id":"https:\/\/sblanguagecoaching.com\/termos-de-uso\/#breadcrumb","itemListElement":[{"@type":"ListItem","position":1,"name":"Home","item":"https:\/\/sblanguagecoaching.com\/"},{"@type":"ListItem","position":2,"name":"Termos de uso"}]},{"@type":"WebSite","@id":"https:\/\/sblanguagecoaching.com\/#website","url":"https:\/\/sblanguagecoaching.com\/","name":"Sandra Barbosa","description":"Language Coaching","potentialAction":[{"@type":"SearchAction","target":{"@type":"EntryPoint","urlTemplate":"https:\/\/sblanguagecoaching.com\/?s={search_term_string}"},"query-input":{"@type":"PropertyValueSpecification","valueRequired":true,"valueName":"search_term_string"}}],"inLanguage":"en-US"}]}},"_links":{"self":[{"href":"https:\/\/sblanguagecoaching.com\/en\/wp-json\/wp\/v2\/pages\/1112","targetHints":{"allow":["GET"]}}],"collection":[{"href":"https:\/\/sblanguagecoaching.com\/en\/wp-json\/wp\/v2\/pages"}],"about":[{"href":"https:\/\/sblanguagecoaching.com\/en\/wp-json\/wp\/v2\/types\/page"}],"author":[{"embeddable":true,"href":"https:\/\/sblanguagecoaching.com\/en\/wp-json\/wp\/v2\/users\/1"}],"replies":[{"embeddable":true,"href":"https:\/\/sblanguagecoaching.com\/en\/wp-json\/wp\/v2\/comments?post=1112"}],"version-history":[{"count":7,"href":"https:\/\/sblanguagecoaching.com\/en\/wp-json\/wp\/v2\/pages\/1112\/revisions"}],"predecessor-version":[{"id":1179,"href":"https:\/\/sblanguagecoaching.com\/en\/wp-json\/wp\/v2\/pages\/1112\/revisions\/1179"}],"wp:attachment":[{"href":"https:\/\/sblanguagecoaching.com\/en\/wp-json\/wp\/v2\/media?parent=1112"}],"curies":[{"name":"wp","href":"https:\/\/api.w.org\/{rel}","templated":true}]}}